{"id":14653,"date":"2023-05-16T12:35:10","date_gmt":"2023-05-16T12:35:10","guid":{"rendered":"https:\/\/alum-fab.com\/?page_id=14653"},"modified":"2023-06-09T19:15:28","modified_gmt":"2023-06-09T19:15:28","slug":"fundusze-ue","status":"publish","type":"page","link":"https:\/\/alum-fab.com\/pl\/fundusze-ue\/","title":{"rendered":"Fundusze UE"},"content":{"rendered":"<div data-elementor-type=\"wp-page\" data-elementor-id=\"14653\" class=\"elementor elementor-14653\">\n\t\t\t\t\t\t\t\t\t<section class=\"has_eae_slider elementor-section elementor-top-section elementor-element elementor-element-e5de3b1 wd-section-stretch elementor-section-full_width elementor-section-height-min-height elementor-section-items-bottom elementor-section-content-bottom elementor-section-height-default\" data-id=\"e5de3b1\" data-element_type=\"section\" data-settings=\"{&quot;background_background&quot;:&quot;classic&quot;}\">\n\t\t\t\t\t\t\t<div class=\"elementor-background-overlay\"><\/div>\n\t\t\t\t\t\t\t<div class=\"elementor-container elementor-column-gap-no\">\n\t\t\t\t\t<div class=\"has_eae_slider elementor-column elementor-col-100 elementor-top-column elementor-element elementor-element-09a1451\" data-id=\"09a1451\" data-element_type=\"column\">\n\t\t\t<div class=\"elementor-widget-wrap elementor-element-populated\">\n\t\t\t\t\t\t\t\t<div class=\"elementor-element elementor-element-f84e822 elementor-widget elementor-widget-wd_title\" data-id=\"f84e822\" data-element_type=\"widget\" data-widget_type=\"wd_title.default\">\n\t\t\t\t<div class=\"elementor-widget-container\">\n\t\t\t\t\t<div class=\"title-wrapper set-mb-s reset-last-child wd-title-color-default wd-title-style-default wd-title-size-extra-large text-left\">\n\n\t\t\t\n\t\t\t<div class=\"liner-continer\">\n\t\t\t\t<h4 class=\"woodmart-title-container title wd-fontsize-xxxl\">Fundusze UE<\/h4> \n\t\t\t\t\t\t\t<\/div>\n\n\t\t\t\t\t<\/div>\n\t\t\t\t<\/div>\n\t\t\t\t<\/div>\n\t\t\t\t\t<\/div>\n\t\t<\/div>\n\t\t\t\t\t\t\t<\/div>\n\t\t<\/section>\n\t\t\t\t<section class=\"has_eae_slider wd-negative-gap elementor-section elementor-top-section elementor-element elementor-element-6b47fe2 elementor-section-boxed elementor-section-height-default elementor-section-height-default wd-section-disabled\" data-id=\"6b47fe2\" data-element_type=\"section\">\n\t\t\t\t\t\t<div class=\"elementor-container elementor-column-gap-default\">\n\t\t\t\t\t<div class=\"has_eae_slider elementor-column elementor-col-100 elementor-top-column elementor-element elementor-element-e4b5096\" data-id=\"e4b5096\" data-element_type=\"column\">\n\t\t\t<div class=\"elementor-widget-wrap elementor-element-populated\">\n\t\t\t\t\t\t\t\t<div class=\"elementor-element elementor-element-617abb5 elementor-widget elementor-widget-wd_text_block\" data-id=\"617abb5\" data-element_type=\"widget\" data-widget_type=\"wd_text_block.default\">\n\t\t\t\t<div class=\"elementor-widget-container\">\n\t\t\t\t\t<div class=\"wd-text-block reset-last-child text-left\">\n\t\t\t\n\t\t\t<p style=\"text-align: left;\">Informujemy, \u017ce firma ALUM-FAB Sp. z o.o. realizuje projekt nr POPW.01.02.00-IP.01-00-001\/19 pt. \u201e<b>Przygotowanie do internacjonalizacji przedsi\u0119biorstwa ALUM-FAB Sp. z o.o. na nowe rynki<br \/>zagraniczne.<\/b>\u201d wsp\u00f3\u0142finansowany w ramach Programu Operacyjnego Polska Wschodnia na lata 2014- 2020, Osi Priorytetowej I Przedsi\u0119biorcza Polska Wschodnia, Dzia\u0142anie 1.2 Internacjonalizacja M\u015aP.<\/p><p><b>Ca\u0142kowita warto\u015b\u0107 projektu: <\/b>1 022 320.07 PLN<\/p><p><b>Warto\u015b\u0107 dofinansowania: <\/b>787 290.40 PLN<\/p><p>Celem projektu jest nawi\u0105zanie wsp\u00f3\u0142pracy biznesowej z przedsi\u0119biorstwami na nowych rynkach zagranicznych w celu sprzeda\u017cy innowacyjnego produktu, zdywersyfikowanie \u017ar\u00f3de\u0142 przychod\u00f3w,<br \/>uniezale\u017cnienie si\u0119 od fluktuacji na rynku krajowym i pozosta\u0142ych rynkach zagranicznych oraz zwi\u0119kszenie rozpoznawalno\u015bci marki ALUM-FAB na rynkach zagranicznych.<\/p><p><b>Zapytanie ofertowe nr 3\/POPW\/1.2\/ALUMFAB\/04\/2023<\/b> na us\u0142ug\u0119 obejmuj\u0105c\u0105 zakup indywidualnie dostosowanych, specjalistycznych szkole\u0144 w zakresie lokalnych standard\u00f3w projektowania 3D, standard\u00f3w BIM, lokalnej specyfiki obiegu dokumentacji, struktury raportowania, wymaga\u0144 technicznych stawianych projektom elewacji oraz regulacji w odniesieniu do specyfiki bran\u017cy lewacyjnej i tak zwane dobre praktyki, przygotowanie dokumentacji 3D i produkcyjnej itp.<\/p><p><a style=\"font-size: 14px; background-color: var(--wd-main-bgcolor); color: blue;\" href=\"https:\/\/alum-fab.com\/wp-content\/uploads\/2023\/05\/1.5.-ALUM-FAB-Zapytanie-Szkolenia.pdf\"><u>Zapytanie ofertowe nr 3\/POPW\/1.2\/ALUMFAB\/04\/2023<\/u><\/a><\/p><p><a style=\"font-size: 14px; background-color: var(--wd-main-bgcolor); color: blue;\" href=\"https:\/\/alum-fab.com\/wp-content\/uploads\/2023\/05\/1.5.-ALUM-FAB-Zapytanie-Szkolenia-Zalacznik-nr-1_Formularz-ofertowy-1.docx\"><u>Oferta cenowa do zapytania nr 3\/POPW\/1.2\/ALUMFAB\/04\/2023<\/u><\/a><\/p><p><b>Zapytanie ofertowe nr 4\/POPW\/1.2\/ALUMFAB\/04\/2023<\/b> na us\u0142ug\u0119 obejmuj\u0105c\u0105 specjalistyczne us\u0142ugi doradcze (czyli us\u0142ugi doradcze niemaj\u0105ce charakteru ci\u0105g\u0142ego ani okresowego; nie mog\u0105 r\u00f3wnie\u017c by\u0107 zwi\u0105zane ze zwyk\u0142ymi kosztami operacyjnymi przedsi\u0119biorstwa, takimi jak: rutynowe us\u0142ugi doradztwa podatkowego, regularne us\u0142ugi prawnicze lub reklama) w zakresie internacjonalizacji sprzeda\u017cy \u2013 wdro\u017cenia modelu biznesowe<\/p><p style=\"margin-bottom: var(--wd-tags-mb); font-style: normal; font-variant-ligatures: normal; font-variant-caps: normal; font-weight: 400; font-family: Lato, Arial, Helvetica, sans-serif; font-size: 14px;\"><a style=\"font-size: 14px; color: blue; background-color: var(--wd-main-bgcolor);\" href=\"https:\/\/alum-fab.com\/wp-content\/uploads\/2023\/05\/1.5.-ALUM-FAB-Zapytanie-Model.pdf\"><u style=\"font-size: 14px;\">Zapytanie ofertowe nr 4\/POPW\/1.2\/ALUMFAB\/04\/2023<\/u><\/a><\/p><p style=\"margin-bottom: var(--wd-tags-mb); font-style: normal; font-variant-ligatures: normal; font-variant-caps: normal; font-weight: 400; font-family: Lato, Arial, Helvetica, sans-serif; font-size: 14px;\"><a style=\"font-size: 14px; color: blue; background-color: var(--wd-main-bgcolor);\" href=\"https:\/\/alum-fab.com\/wp-content\/uploads\/2023\/05\/1.5.-ALUM-FAB-Zapytanie-Model-Zalacznik-nr-1_Formularz-ofertowy.docx\"><u style=\"font-size: 14px;\">Oferta cenowa do zapytania nr 4\/POPW\/1.2\/ALUMFAB\/04\/2023<\/u><\/a><\/p><div><b>\u00a0Informacje o wynikach post\u0119powania ofertowego<br \/><\/b><\/div><div>\u00a0<\/div><div><a style=\"font-size: 14px; color: blue; background-color: var(--wd-main-bgcolor);\" href=\"https:\/\/alum-fab.com\/wp-content\/uploads\/2023\/06\/Informacja-o-wyniku-postepowania-ofertowego-nr-3-POPW-1.2-ALUMFAB-04-2023-z-dnia-17.04.2023-r.pdf\"><u style=\"font-size: 14px;\">Informacja o wyniku post\u0119powania ofertowego nr 3-POPW-1.2-ALUMFAB-04-2023 z dnia 17.04.2023 r.<\/u><\/a><\/div><div>\u00a0<\/div><div><a style=\"font-size: 14px; color: blue; background-color: var(--wd-main-bgcolor);\" href=\"https:\/\/alum-fab.com\/wp-content\/uploads\/2023\/06\/Informacja-o-wyniku-postepowania-ofertowego-nr-4-POPW-1.2-ALUMFAB-04-2023-z-dnia-17.04.2023-r.pdf\"><u style=\"font-size: 14px;\">Informacja o wyniku post\u0119powania ofertowego nr 4-POPW-1.2-ALUMFAB-04-2023 z dnia 17.04.2023 r.<\/u><\/a><\/div><div>\u00a0<\/div>\n\t\t\t\t\t<\/div>\n\t\t\t\t<\/div>\n\t\t\t\t<\/div>\n\t\t\t\t\t<\/div>\n\t\t<\/div>\n\t\t\t\t\t\t\t<\/div>\n\t\t<\/section>\n\t\t\t\t<section class=\"has_eae_slider wd-negative-gap elementor-section elementor-top-section elementor-element elementor-element-fc6f0d2 elementor-section-boxed elementor-section-height-default elementor-section-height-default wd-section-disabled\" data-id=\"fc6f0d2\" data-element_type=\"section\">\n\t\t\t\t\t\t<div class=\"elementor-container elementor-column-gap-default\">\n\t\t\t\t\t<div class=\"has_eae_slider elementor-column elementor-col-100 elementor-top-column elementor-element elementor-element-2d1b4fb\" data-id=\"2d1b4fb\" data-element_type=\"column\">\n\t\t\t<div class=\"elementor-widget-wrap elementor-element-populated\">\n\t\t\t\t\t\t\t\t<div class=\"elementor-element elementor-element-f71ece4 elementor-widget elementor-widget-wd_image_or_svg\" data-id=\"f71ece4\" data-element_type=\"widget\" data-widget_type=\"wd_image_or_svg.default\">\n\t\t\t\t<div class=\"elementor-widget-container\">\n\t\t\t\n\t\t<div class=\"wd-image text-center\">\n\t\t\t\t\t\t\t\t<img loading=\"lazy\" decoding=\"async\" width=\"768\" height=\"108\" src=\"https:\/\/alum-fab.com\/wp-content\/uploads\/2023\/05\/parp-logo.jpg\" class=\"attachment-full size-full wp-image-14683\" alt=\"\" srcset=\"https:\/\/alum-fab.com\/wp-content\/uploads\/2023\/05\/parp-logo.jpg 768w, https:\/\/alum-fab.com\/wp-content\/uploads\/2023\/05\/parp-logo-430x60.jpg 430w, https:\/\/alum-fab.com\/wp-content\/uploads\/2023\/05\/parp-logo-700x98.jpg 700w\" sizes=\"(max-width: 768px) 100vw, 768px\" \/>\t\t\t\t\t<\/div>\n\n\t\t\t\t<\/div>\n\t\t\t\t<\/div>\n\t\t\t\t\t<\/div>\n\t\t<\/div>\n\t\t\t\t\t\t\t<\/div>\n\t\t<\/section>\n\t\t\t\t\t\t\t<\/div>","protected":false},"excerpt":{"rendered":"<p>Fundusze UE Informujemy, \u017ce firma ALUM-FAB Sp. z o.o. realizuje projekt nr POPW.01.02.00-IP.01-00-001\/19 pt. \u201ePrzygotowanie do internacjonalizacji przedsi\u0119biorstwa ALUM-FAB Sp.<\/p>","protected":false},"author":1,"featured_media":0,"parent":0,"menu_order":0,"comment_status":"closed","ping_status":"closed","template":"","meta":{"footnotes":""},"class_list":["post-14653","page","type-page","status-publish","hentry"],"_links":{"self":[{"href":"https:\/\/alum-fab.com\/pl\/wp-json\/wp\/v2\/pages\/14653"}],"collection":[{"href":"https:\/\/alum-fab.com\/pl\/wp-json\/wp\/v2\/pages"}],"about":[{"href":"https:\/\/alum-fab.com\/pl\/wp-json\/wp\/v2\/types\/page"}],"author":[{"embeddable":true,"href":"https:\/\/alum-fab.com\/pl\/wp-json\/wp\/v2\/users\/1"}],"replies":[{"embeddable":true,"href":"https:\/\/alum-fab.com\/pl\/wp-json\/wp\/v2\/comments?post=14653"}],"version-history":[{"count":13,"href":"https:\/\/alum-fab.com\/pl\/wp-json\/wp\/v2\/pages\/14653\/revisions"}],"predecessor-version":[{"id":14707,"href":"https:\/\/alum-fab.com\/pl\/wp-json\/wp\/v2\/pages\/14653\/revisions\/14707"}],"wp:attachment":[{"href":"https:\/\/alum-fab.com\/pl\/wp-json\/wp\/v2\/media?parent=14653"}],"curies":[{"name":"wp","href":"https:\/\/api.w.org\/{rel}","templated":true}]}}